{"id":5489,"date":"2018-02-12T10:54:13","date_gmt":"2018-02-12T09:54:13","guid":{"rendered":"https:\/\/www.travelgeekery.com\/?page_id=5489"},"modified":"2022-02-12T23:07:45","modified_gmt":"2022-02-12T22:07:45","slug":"o-mne","status":"publish","type":"page","link":"https:\/\/www.travelgeekery.com\/cs\/o-mne\/","title":{"rendered":"O autorce"},"content":{"rendered":"<style>img#mv-trellis-img-1::before{padding-top:34.618680377035%; }img#mv-trellis-img-1{display:block;}img#mv-trellis-img-2::before{padding-top:100%; }img#mv-trellis-img-2{display:block;}img#mv-trellis-img-3::before{padding-top:100%; }img#mv-trellis-img-3{display:block;}img#mv-trellis-img-4::before{padding-top:100%; }img#mv-trellis-img-4{display:block;}img#mv-trellis-img-5::before{padding-top:100%; }img#mv-trellis-img-5{display:block;}<\/style><p><a href=\"https:\/\/www.travelgeekery.com\/wp-content\/uploads\/2016\/09\/About-TravelGeekery-travel-blog.jpg\"><noscript><img loading=\"lazy\" decoding=\"async\" class=\"alignnone size-full wp-image-5065\" src=\"https:\/\/www.travelgeekery.com\/wp-content\/uploads\/2016\/09\/About-TravelGeekery-travel-blog.jpg\" alt=\"About TravelGeekery, the travel blog, and Veronika, the travel blogger behind\" width=\"1167\" height=\"404\" srcset=\"https:\/\/www.travelgeekery.com\/wp-content\/uploads\/2016\/09\/About-TravelGeekery-travel-blog.jpg 1167w, https:\/\/www.travelgeekery.com\/wp-content\/uploads\/2016\/09\/About-TravelGeekery-travel-blog-768x266.jpg 768w, https:\/\/www.travelgeekery.com\/wp-content\/uploads\/2016\/09\/About-TravelGeekery-travel-blog-837x290.jpg 837w, https:\/\/www.travelgeekery.com\/wp-content\/uploads\/2016\/09\/About-TravelGeekery-travel-blog-667x231.jpg 667w, https:\/\/www.travelgeekery.com\/wp-content\/uploads\/2016\/09\/About-TravelGeekery-travel-blog-1024x354.jpg 1024w, https:\/\/www.travelgeekery.com\/wp-content\/uploads\/2016\/09\/About-TravelGeekery-travel-blog-960x332.jpg 960w, https:\/\/www.travelgeekery.com\/wp-content\/uploads\/2016\/09\/About-TravelGeekery-travel-blog-1080x374.jpg 1080w\" sizes=\"auto, (max-width: 760px) calc(100vw - 40px), 720px\" data-pin-media=\"https:\/\/www.travelgeekery.com\/wp-content\/uploads\/2016\/09\/About-TravelGeekery-travel-blog.jpg\"><\/noscript><img loading=\"eager\" decoding=\"async\" class=\"alignnone size-full wp-image-5065 eager-load\" src=\"data:image\/svg+xml,%3Csvg%20xmlns='http:\/\/www.w3.org\/2000\/svg'%20viewBox='0%200%201167%20404'%3E%3Crect%20width='1167'%20height='404'%20style='fill:%23e3e3e3'\/%3E%3C\/svg%3E\" alt=\"About TravelGeekery, the travel blog, and Veronika, the travel blogger behind\" width=\"1167\" height=\"404\" sizes=\"auto, (max-width: 760px) calc(100vw - 40px), 720px\" data-pin-media=\"https:\/\/www.travelgeekery.com\/wp-content\/uploads\/2016\/09\/About-TravelGeekery-travel-blog.jpg\" id=\"mv-trellis-img-1\" data-src=\"https:\/\/www.travelgeekery.com\/wp-content\/uploads\/2016\/09\/About-TravelGeekery-travel-blog.jpg.webp\" data-srcset=\"https:\/\/www.travelgeekery.com\/wp-content\/uploads\/2016\/09\/About-TravelGeekery-travel-blog.jpg.webp 1167w, https:\/\/www.travelgeekery.com\/wp-content\/uploads\/2016\/09\/About-TravelGeekery-travel-blog-768x266.jpg.webp 768w, https:\/\/www.travelgeekery.com\/wp-content\/uploads\/2016\/09\/About-TravelGeekery-travel-blog-837x290.jpg.webp 837w, https:\/\/www.travelgeekery.com\/wp-content\/uploads\/2016\/09\/About-TravelGeekery-travel-blog-667x231.jpg.webp 667w, https:\/\/www.travelgeekery.com\/wp-content\/uploads\/2016\/09\/About-TravelGeekery-travel-blog-1024x354.jpg.webp 1024w, https:\/\/www.travelgeekery.com\/wp-content\/uploads\/2016\/09\/About-TravelGeekery-travel-blog-960x332.jpg.webp 960w, https:\/\/www.travelgeekery.com\/wp-content\/uploads\/2016\/09\/About-TravelGeekery-travel-blog-1080x374.jpg.webp 1080w\" data-svg=\"1\" data-trellis-processed=\"1\"><\/a><\/p>\n<p><strong>Zdrav&iacute;m v&scaron;echny travel geeks! V&iacute;tejte na m&eacute;m blogu :)<\/strong><strong> &nbsp; &nbsp;<\/strong><\/p>\n<p>Jsem Veronika, &#268;e&scaron;ka z Moravy bydl&iacute;c&iacute; v Praze. Do Prahy jsem se vr&aacute;tila po studi&iacute;ch v zahrani&#269;&iacute; (Finsko, N&#283;mecko, &#268;&iacute;na) a je mi tu v&iacute;c ne&#382; blaze. Cestuju po sv&#283;t&#283; co nejv&iacute;c to jde, ale domov je v &#268;R.<\/p>\n<p>Od spu&scaron;t&#283;n&iacute; TravelGeekery v&nbsp;dubnu 2014 jsem nashrom&aacute;&#382;dila bohatou kolekci cestovatelsk&yacute;ch &#269;l&aacute;nk&#367; pokr&yacute;vaj&iacute;c&iacute; hlavn&#283; tyto oblasti:<\/p>\n<ul>\n<li>Sv&#283;tov&aacute; m&#283;sta, zejm&eacute;na v&nbsp;Evrop&#283;<\/li>\n<li>M&iacute;sta, kam turist&eacute; &#269;asto nezav&iacute;taj&iacute;<\/li>\n<li>Dobrodr&#367;&#382;o v&nbsp;p&#345;&iacute;rod&#283;<\/li>\n<li>Obecn&eacute; cestovatelsk&eacute; tipy<\/li>\n<li>Tipy ohledn&#283; Prahy a &#268;esk&eacute; republiky<\/li>\n<\/ul>\n<p>Pova&#382;uju se za n&#283;co mezi low-costov&yacute;m ba&#357;&#367;&#382;k&aacute;&#345;em a luxusn&iacute;m cestovatelem. Kdy&#382; jsem na cest&aacute;ch, r&aacute;da jsem mezi m&iacute;stn&iacute;mi a proto se &#269;asto ubytov&aacute;v&aacute;m p&#345;es&nbsp;<a href=\"https:\/\/www.travelgeekery.com\/airbnb-apartments-reviews\/\" rel=\"noopener\">Airbnb<\/a>. Hostely u&#382; dnes zvl&aacute;d&aacute;m jen kdy&#382; je dan&aacute; zem&#283; fakt drah&aacute; (mluv&iacute;m o Tob&#283;, <a href=\"https:\/\/www.travelgeekery.com\/snaefellsness-peninsula\/\" rel=\"noopener\">Islande<\/a>!).&nbsp;A ob&#269;as, ale ne p&#345;&iacute;li&scaron; &#269;asto, si i postav&iacute;m stan. Jako <a href=\"https:\/\/www.travelgeekery.com\/cs\/hory-tury-cerna-hora\/\">v&nbsp;&#268;ern&eacute; Ho&#345;e<\/a>.<\/p>\n<p>Na tomto blogu najdete &#269;l&aacute;nky psan&eacute; jen lidmi, kte&#345;&iacute; v&nbsp;dan&eacute; destinaci opravdu cestovali (95% &#269;l&aacute;nk&#367; je psan&yacute;ch mnou). Nemus&iacute;te se tedy ob&aacute;vat, &#382;e by tu byl n&#283;jak&yacute; &#269;l&aacute;nek jen tak &bdquo;uva&#345;en&yacute; z&nbsp;vody&ldquo;. V&scaron;e je za&#382;ito a d&#367;kladn&#283; prozkoum&aacute;no online i offline :)<\/p>\n<p>P&iacute;&scaron;u nejprve anglicky a a&#382; potom p&iacute;&scaron;u znovu &#269;esky (p&#345;ekladem se to nazvat ned&aacute;). A jde to pomalu! Pokud m&aacute;te p&#345;ednostn&#283; z&aacute;jem o n&#283;jak&yacute; &#269;l&aacute;nek, kter&yacute; je&scaron;t&#283; p&#345;elo&#382;en&yacute; nen&iacute;, napi&scaron;te mi.<\/p>\n<p>Up&#345;&iacute;mn&#283; douf&aacute;m, &#382;e obsah na TravelGeekery v&aacute;s bude inspirovat k&nbsp;nav&scaron;t&iacute;ven&iacute; m&iacute;st bl&iacute;zk&yacute;ch i vzd&aacute;len&yacute;ch, a &#382;e v&aacute;m informace zm&iacute;n&#283;n&eacute; v&nbsp;&#269;l&aacute;nc&iacute;ch opravdu pom&#367;&#382;ou.<\/p>\n<p>Kdykoli mi m&#367;&#382;ete napsat na veronika @ travelgeekery.com a je&scaron;t&#283; rad&scaron;i budu, kdy&#382; se p&#345;ihl&aacute;s&iacute;te k&nbsp;odb&#283;ru&nbsp;<a href=\"https:\/\/landing.mailerlite.com\/webforms\/landing\/r2t9b7\" target=\"_blank\" rel=\"noopener\">m&#283;s&iacute;&#269;n&iacute;ch emailov&yacute;ch novinek<\/a>.<\/p>\n<p>Poj&#271;me si u&#382;&iacute;t tenhle krasn&yacute; sv&#283;t spole&#269;n&#283;!<\/p>\n<p><em>Veronika<\/em><\/p>\n<p><a href=\"https:\/\/www.instagram.com\/travelgeekery\/\" target=\"_blank\" rel=\"noopener\"><noscript><img loading=\"lazy\" decoding=\"async\" class=\"alignnone wp-image-5066 size-full\" src=\"https:\/\/www.travelgeekery.com\/wp-content\/uploads\/2014\/04\/IG-29x29.jpg\" alt=\"ig-29x29\" width=\"29\" height=\"29\" data-pin-media=\"https:\/\/www.travelgeekery.com\/wp-content\/uploads\/2014\/04\/IG.jpg\"><\/noscript><img loading=\"lazy\" decoding=\"async\" class=\"alignnone wp-image-5066 size-full lazyload\" src=\"https:\/\/www.travelgeekery.com\/wp-content\/uploads\/2014\/04\/IG-29x29.jpg.webp\" alt=\"ig-29x29\" width=\"29\" height=\"29\" data-pin-media=\"https:\/\/www.travelgeekery.com\/wp-content\/uploads\/2014\/04\/IG.jpg\" id=\"mv-trellis-img-2\" data-trellis-processed=\"1\"><\/a>&nbsp;&nbsp;<a href=\"https:\/\/twitter.com\/travelgeekery\" target=\"_blank\" rel=\"noopener\"><noscript><img loading=\"lazy\" decoding=\"async\" class=\"alignnone wp-image-5067 size-full\" src=\"https:\/\/www.travelgeekery.com\/wp-content\/uploads\/2014\/04\/twitter_29x29.jpg\" alt=\"twitter_29x29\" width=\"29\" height=\"29\" data-pin-media=\"https:\/\/www.travelgeekery.com\/wp-content\/uploads\/2014\/04\/twitter_29x29.jpg\"><\/noscript><img loading=\"lazy\" decoding=\"async\" class=\"alignnone wp-image-5067 size-full lazyload\" src=\"https:\/\/www.travelgeekery.com\/wp-content\/uploads\/2014\/04\/twitter_29x29.jpg.webp\" alt=\"twitter_29x29\" width=\"29\" height=\"29\" data-pin-media=\"https:\/\/www.travelgeekery.com\/wp-content\/uploads\/2014\/04\/twitter_29x29.jpg\" id=\"mv-trellis-img-3\" data-trellis-processed=\"1\"><\/a>&nbsp;&nbsp;<a href=\"https:\/\/www.facebook.com\/travelgeekery\" target=\"_blank\" rel=\"noopener\"><noscript><img loading=\"lazy\" decoding=\"async\" class=\"alignnone wp-image-5068 size-full\" src=\"https:\/\/www.travelgeekery.com\/wp-content\/uploads\/2014\/04\/FB-29x29.jpg\" alt=\"fb-29x29\" width=\"29\" height=\"29\" data-pin-media=\"https:\/\/www.travelgeekery.com\/wp-content\/uploads\/2014\/04\/FB.jpg\"><\/noscript><img loading=\"lazy\" decoding=\"async\" class=\"alignnone wp-image-5068 size-full lazyload\" src=\"https:\/\/www.travelgeekery.com\/wp-content\/uploads\/2014\/04\/FB-29x29.jpg.webp\" alt=\"fb-29x29\" width=\"29\" height=\"29\" data-pin-media=\"https:\/\/www.travelgeekery.com\/wp-content\/uploads\/2014\/04\/FB.jpg\" id=\"mv-trellis-img-4\" data-trellis-processed=\"1\"><\/a>&nbsp;&nbsp;<a href=\"https:\/\/www.pinterest.com\/travelgeekery\/\" target=\"_blank\" rel=\"noopener\"><noscript><img loading=\"lazy\" decoding=\"async\" class=\"alignnone wp-image-5069 size-full\" src=\"https:\/\/www.travelgeekery.com\/wp-content\/uploads\/2014\/04\/Pinterest-29x29.jpg\" alt=\"pinterest-29x29\" width=\"29\" height=\"29\" data-pin-media=\"https:\/\/www.travelgeekery.com\/wp-content\/uploads\/2014\/04\/Pinterest.jpg\"><\/noscript><img loading=\"lazy\" decoding=\"async\" class=\"alignnone wp-image-5069 size-full lazyload\" src=\"https:\/\/www.travelgeekery.com\/wp-content\/uploads\/2014\/04\/Pinterest-29x29.jpg.webp\" alt=\"pinterest-29x29\" width=\"29\" height=\"29\" data-pin-media=\"https:\/\/www.travelgeekery.com\/wp-content\/uploads\/2014\/04\/Pinterest.jpg\" id=\"mv-trellis-img-5\" data-trellis-processed=\"1\"><\/a><\/p>\n<p>V&nbsp;p&#345;&iacute;pad&#283; z&aacute;jmu o spolupr&aacute;ci m&#367;j media kit naleznete<a href=\"https:\/\/www.travelgeekery.com\/work-with-travelgeekery\/\" rel=\"noopener\">&nbsp;zde<\/a>.<\/p>\n<div id=\"mediavine-settings\" data-blocklist-sidebar-atf=\"1\" data-blocklist-sidebar-btf=\"1\" data-blocklist-content-desktop=\"1\" data-blocklist-content-mobile=\"1\" data-blocklist-auto-insert-sticky=\"1\">&nbsp;<\/div>\n<div id=\"hide-grow-me-widget\">&nbsp;<\/div>\n","protected":false},"excerpt":{"rendered":"<p>Zdrav&iacute;m v&scaron;echny travel geeks! V&iacute;tejte na m&eacute;m blogu :) &nbsp; &nbsp; Jsem Veronika, &#268;e&scaron;ka z Moravy bydl&iacute;c&iacute; v Praze. Do Prahy jsem se vr&aacute;tila po studi&iacute;ch v zahrani&#269;&iacute; (Finsko, N&#283;mecko, &#268;&iacute;na) a je mi tu v&iacute;c ne&#382; blaze. Cestuju po sv&#283;t&#283; co nejv&iacute;c to jde, ale domov je v &#268;R. Od spu&scaron;t&#283;n&iacute; TravelGeekery v&nbsp;dubnu 2014 &hellip;<\/p>\n","protected":false},"author":1,"featured_media":0,"parent":0,"menu_order":0,"comment_status":"open","ping_status":"open","template":"","meta":{"hide-home-page-title":false,"hide-page-title":false,"disable-critical-css":false,"footnotes":""},"class_list":["post-5489","page","type-page","status-publish","hentry"],"yoast_head":"<!-- This site is optimized with the Yoast SEO plugin v27.2 - https:\/\/yoast.com\/product\/yoast-seo-wordpress\/ -->\n<title>O autorce - Travel Geekery<\/title>\n<meta name=\"robots\" content=\"index, follow, max-snippet:-1, max-image-preview:large, max-video-preview:-1\" \/>\n<link rel=\"canonical\" href=\"https:\/\/www.travelgeekery.com\/cs\/o-mne\/\" \/>\n<meta property=\"og:locale\" content=\"cs_CZ\" \/>\n<meta property=\"og:type\" content=\"article\" \/>\n<meta property=\"og:title\" content=\"O autorce - Travel Geekery\" \/>\n<meta property=\"og:description\" content=\"Zdrav&iacute;m v&scaron;echny travel geeks! V&iacute;tejte na m&eacute;m blogu :) &nbsp; &nbsp; Jsem Veronika, &#268;e&scaron;ka z Moravy bydl&iacute;c&iacute; v Praze. Do Prahy jsem se vr&aacute;tila po studi&iacute;ch v zahrani&#269;&iacute; (Finsko, N&#283;mecko, &#268;&iacute;na) a je mi tu v&iacute;c ne&#382; blaze. Cestuju po sv&#283;t&#283; co nejv&iacute;c to jde, ale domov je v &#268;R. Od spu&scaron;t&#283;n&iacute; TravelGeekery v&nbsp;dubnu 2014 &hellip;\" \/>\n<meta property=\"og:url\" content=\"https:\/\/www.travelgeekery.com\/cs\/o-mne\/\" \/>\n<meta property=\"og:site_name\" content=\"Travel Geekery\" \/>\n<meta property=\"article:publisher\" content=\"https:\/\/www.facebook.com\/travelgeekery\" \/>\n<meta property=\"article:modified_time\" content=\"2022-02-12T22:07:45+00:00\" \/>\n<meta property=\"og:image\" content=\"https:\/\/www.travelgeekery.com\/wp-content\/uploads\/2016\/09\/About-TravelGeekery-travel-blog.jpg\" \/>\n<meta name=\"twitter:card\" content=\"summary_large_image\" \/>\n<meta name=\"twitter:site\" content=\"@TravelGeekery\" \/>\n<meta name=\"twitter:label1\" content=\"Odhadovan\u00e1 doba \u010dten\u00ed\" \/>\n\t<meta name=\"twitter:data1\" content=\"3 minuty\" \/>\n<script type=\"application\/ld+json\" class=\"yoast-schema-graph\">{\"@context\":\"https:\/\/schema.org\",\"@graph\":[{\"@type\":\"WebPage\",\"@id\":\"https:\/\/www.travelgeekery.com\/cs\/o-mne\/\",\"url\":\"https:\/\/www.travelgeekery.com\/cs\/o-mne\/\",\"name\":\"O autorce - Travel Geekery\",\"isPartOf\":{\"@id\":\"https:\/\/www.travelgeekery.com\/#website\"},\"primaryImageOfPage\":{\"@id\":\"https:\/\/www.travelgeekery.com\/cs\/o-mne\/#primaryimage\"},\"image\":{\"@id\":\"https:\/\/www.travelgeekery.com\/cs\/o-mne\/#primaryimage\"},\"thumbnailUrl\":\"https:\/\/www.travelgeekery.com\/wp-content\/uploads\/2016\/09\/About-TravelGeekery-travel-blog.jpg\",\"datePublished\":\"2018-02-12T09:54:13+00:00\",\"dateModified\":\"2022-02-12T22:07:45+00:00\",\"inLanguage\":\"cs\",\"potentialAction\":[{\"@type\":\"ReadAction\",\"target\":[\"https:\/\/www.travelgeekery.com\/cs\/o-mne\/\"]}]},{\"@type\":\"ImageObject\",\"inLanguage\":\"cs\",\"@id\":\"https:\/\/www.travelgeekery.com\/cs\/o-mne\/#primaryimage\",\"url\":\"https:\/\/www.travelgeekery.com\/wp-content\/uploads\/2016\/09\/About-TravelGeekery-travel-blog.jpg\",\"contentUrl\":\"https:\/\/www.travelgeekery.com\/wp-content\/uploads\/2016\/09\/About-TravelGeekery-travel-blog.jpg\"},{\"@type\":\"WebSite\",\"@id\":\"https:\/\/www.travelgeekery.com\/#website\",\"url\":\"https:\/\/www.travelgeekery.com\/\",\"name\":\"Travel Geekery\",\"description\":\"Know Before You Go\",\"publisher\":{\"@id\":\"https:\/\/www.travelgeekery.com\/#organization\"},\"potentialAction\":[{\"@type\":\"SearchAction\",\"target\":{\"@type\":\"EntryPoint\",\"urlTemplate\":\"https:\/\/www.travelgeekery.com\/?s={search_term_string}\"},\"query-input\":{\"@type\":\"PropertyValueSpecification\",\"valueRequired\":true,\"valueName\":\"search_term_string\"}}],\"inLanguage\":\"cs\"},{\"@type\":\"Organization\",\"@id\":\"https:\/\/www.travelgeekery.com\/#organization\",\"name\":\"TravelGeekery\",\"url\":\"https:\/\/www.travelgeekery.com\/\",\"logo\":{\"@type\":\"ImageObject\",\"inLanguage\":\"cs\",\"@id\":\"https:\/\/www.travelgeekery.com\/#\/schema\/logo\/image\/\",\"url\":\"https:\/\/www.travelgeekery.com\/wp-content\/uploads\/2021\/12\/TravelGeekery-Logo_267x75.png\",\"contentUrl\":\"https:\/\/www.travelgeekery.com\/wp-content\/uploads\/2021\/12\/TravelGeekery-Logo_267x75.png\",\"width\":267,\"height\":75,\"caption\":\"TravelGeekery\"},\"image\":{\"@id\":\"https:\/\/www.travelgeekery.com\/#\/schema\/logo\/image\/\"},\"sameAs\":[\"https:\/\/www.facebook.com\/travelgeekery\",\"https:\/\/x.com\/TravelGeekery\",\"https:\/\/instagram.com\/travelgeekery\/\",\"https:\/\/www.pinterest.com\/travelgeekery\/\"]}]}<\/script>\n<!-- \/ Yoast SEO plugin. -->","yoast_head_json":{"title":"O autorce - Travel Geekery","robots":{"index":"index","follow":"follow","max-snippet":"max-snippet:-1","max-image-preview":"max-image-preview:large","max-video-preview":"max-video-preview:-1"},"canonical":"https:\/\/www.travelgeekery.com\/cs\/o-mne\/","og_locale":"cs_CZ","og_type":"article","og_title":"O autorce - Travel Geekery","og_description":"Zdrav&iacute;m v&scaron;echny travel geeks! V&iacute;tejte na m&eacute;m blogu :) &nbsp; &nbsp; Jsem Veronika, &#268;e&scaron;ka z Moravy bydl&iacute;c&iacute; v Praze. Do Prahy jsem se vr&aacute;tila po studi&iacute;ch v zahrani&#269;&iacute; (Finsko, N&#283;mecko, &#268;&iacute;na) a je mi tu v&iacute;c ne&#382; blaze. Cestuju po sv&#283;t&#283; co nejv&iacute;c to jde, ale domov je v &#268;R. Od spu&scaron;t&#283;n&iacute; TravelGeekery v&nbsp;dubnu 2014 &hellip;","og_url":"https:\/\/www.travelgeekery.com\/cs\/o-mne\/","og_site_name":"Travel Geekery","article_publisher":"https:\/\/www.facebook.com\/travelgeekery","article_modified_time":"2022-02-12T22:07:45+00:00","og_image":[{"url":"https:\/\/www.travelgeekery.com\/wp-content\/uploads\/2016\/09\/About-TravelGeekery-travel-blog.jpg","type":"","width":"","height":""}],"twitter_card":"summary_large_image","twitter_site":"@TravelGeekery","twitter_misc":{"Odhadovan\u00e1 doba \u010dten\u00ed":"3 minuty"},"schema":{"@context":"https:\/\/schema.org","@graph":[{"@type":"WebPage","@id":"https:\/\/www.travelgeekery.com\/cs\/o-mne\/","url":"https:\/\/www.travelgeekery.com\/cs\/o-mne\/","name":"O autorce - Travel Geekery","isPartOf":{"@id":"https:\/\/www.travelgeekery.com\/#website"},"primaryImageOfPage":{"@id":"https:\/\/www.travelgeekery.com\/cs\/o-mne\/#primaryimage"},"image":{"@id":"https:\/\/www.travelgeekery.com\/cs\/o-mne\/#primaryimage"},"thumbnailUrl":"https:\/\/www.travelgeekery.com\/wp-content\/uploads\/2016\/09\/About-TravelGeekery-travel-blog.jpg","datePublished":"2018-02-12T09:54:13+00:00","dateModified":"2022-02-12T22:07:45+00:00","inLanguage":"cs","potentialAction":[{"@type":"ReadAction","target":["https:\/\/www.travelgeekery.com\/cs\/o-mne\/"]}]},{"@type":"ImageObject","inLanguage":"cs","@id":"https:\/\/www.travelgeekery.com\/cs\/o-mne\/#primaryimage","url":"https:\/\/www.travelgeekery.com\/wp-content\/uploads\/2016\/09\/About-TravelGeekery-travel-blog.jpg","contentUrl":"https:\/\/www.travelgeekery.com\/wp-content\/uploads\/2016\/09\/About-TravelGeekery-travel-blog.jpg"},{"@type":"WebSite","@id":"https:\/\/www.travelgeekery.com\/#website","url":"https:\/\/www.travelgeekery.com\/","name":"Travel Geekery","description":"Know Before You Go","publisher":{"@id":"https:\/\/www.travelgeekery.com\/#organization"},"potentialAction":[{"@type":"SearchAction","target":{"@type":"EntryPoint","urlTemplate":"https:\/\/www.travelgeekery.com\/?s={search_term_string}"},"query-input":{"@type":"PropertyValueSpecification","valueRequired":true,"valueName":"search_term_string"}}],"inLanguage":"cs"},{"@type":"Organization","@id":"https:\/\/www.travelgeekery.com\/#organization","name":"TravelGeekery","url":"https:\/\/www.travelgeekery.com\/","logo":{"@type":"ImageObject","inLanguage":"cs","@id":"https:\/\/www.travelgeekery.com\/#\/schema\/logo\/image\/","url":"https:\/\/www.travelgeekery.com\/wp-content\/uploads\/2021\/12\/TravelGeekery-Logo_267x75.png","contentUrl":"https:\/\/www.travelgeekery.com\/wp-content\/uploads\/2021\/12\/TravelGeekery-Logo_267x75.png","width":267,"height":75,"caption":"TravelGeekery"},"image":{"@id":"https:\/\/www.travelgeekery.com\/#\/schema\/logo\/image\/"},"sameAs":["https:\/\/www.facebook.com\/travelgeekery","https:\/\/x.com\/TravelGeekery","https:\/\/instagram.com\/travelgeekery\/","https:\/\/www.pinterest.com\/travelgeekery\/"]}]}},"_links":{"self":[{"href":"https:\/\/www.travelgeekery.com\/cs\/wp-json\/wp\/v2\/pages\/5489","targetHints":{"allow":["GET"]}}],"collection":[{"href":"https:\/\/www.travelgeekery.com\/cs\/wp-json\/wp\/v2\/pages"}],"about":[{"href":"https:\/\/www.travelgeekery.com\/cs\/wp-json\/wp\/v2\/types\/page"}],"author":[{"embeddable":true,"href":"https:\/\/www.travelgeekery.com\/cs\/wp-json\/wp\/v2\/users\/1"}],"replies":[{"embeddable":true,"href":"https:\/\/www.travelgeekery.com\/cs\/wp-json\/wp\/v2\/comments?post=5489"}],"version-history":[{"count":5,"href":"https:\/\/www.travelgeekery.com\/cs\/wp-json\/wp\/v2\/pages\/5489\/revisions"}],"predecessor-version":[{"id":13139,"href":"https:\/\/www.travelgeekery.com\/cs\/wp-json\/wp\/v2\/pages\/5489\/revisions\/13139"}],"wp:attachment":[{"href":"https:\/\/www.travelgeekery.com\/cs\/wp-json\/wp\/v2\/media?parent=5489"}],"curies":[{"name":"wp","href":"https:\/\/api.w.org\/{rel}","templated":true}]}}